{"id":386,"date":"2021-08-27T07:01:14","date_gmt":"2021-08-27T07:01:14","guid":{"rendered":"https:\/\/opgsmid.hr\/?post_type=product&#038;p=386"},"modified":"2025-08-11T14:17:39","modified_gmt":"2025-08-11T14:17:39","slug":"maticni-sok-aronije-3-litre","status":"publish","type":"product","link":"https:\/\/opgsmid.hr\/?product=maticni-sok-aronije-3-litre","title":{"rendered":"Mati\u010dni sok aronije (pakiranje 3 x 1L)- 3 litre DOSTUPNO &#8211; NOVA BERBA 2025."},"content":{"rendered":"<p>3 litre 100% mati\u010dnog soka dobivenog pre\u0161anjem svje\u017eih, ekolo\u0161ki uzgojenih bobica aronije, bez dodatka vode \u0161e\u0107era ili konzervansa. (PAKIRANJE 3X1L)<\/p>\n<p>Pasteriziran.<\/p>\n<p>Nakon otvaranja \u010duvati u hladnjaku.<\/p>\n<p>KOLI\u010cINA: 3 litre<\/p>\n<p>CIJENA: 25,00 EUR<\/p>\n","protected":false},"excerpt":{"rendered":"<p>100% mati\u010dni sok dobiven pre\u0161anjem svje\u017eih, ekolo\u0161ki uzgojenih bobica aronije, bez dodatka vode \u0161e\u0107era ili konzervansa.<\/p>\n<p>&nbsp;<\/p>\n","protected":false},"featured_media":78,"template":"","meta":[],"_links":{"self":[{"href":"https:\/\/opgsmid.hr\/index.php?rest_route=\/wp\/v2\/product\/386"}],"collection":[{"href":"https:\/\/opgsmid.hr\/index.php?rest_route=\/wp\/v2\/product"}],"about":[{"href":"https:\/\/opgsmid.hr\/index.php?rest_route=\/wp\/v2\/types\/product"}],"wp:featuredmedia":[{"embeddable":true,"href":"https:\/\/opgsmid.hr\/index.php?rest_route=\/wp\/v2\/media\/78"}],"wp:attachment":[{"href":"https:\/\/opgsmid.hr\/index.php?rest_route=%2Fwp%2Fv2%2Fmedia&parent=386"}],"curies":[{"name":"wp","href":"https:\/\/api.w.org\/{rel}","templated":true}]}}