{"id":344,"date":"2018-08-31T07:39:39","date_gmt":"2018-08-31T07:39:39","guid":{"rendered":"https:\/\/opgsmid.hr\/?post_type=product&#038;p=344"},"modified":"2024-07-29T12:10:47","modified_gmt":"2024-07-29T12:10:47","slug":"vino-od-aronije-05-l","status":"publish","type":"product","link":"https:\/\/opgsmid.hr\/?product=vino-od-aronije-05-l","title":{"rendered":"Vino od aronije &#8211; 0,5 L"},"content":{"rendered":"<p>OPIS: vo\u0107no vino &#8211; vino od aronije<\/p>\n<p>Vino je karakteristi\u010dno po ugodnom mirisu, intenzivnoj boji i trpko-slatkom okusu.<\/p>\n<p>Idealna je kombinacija te\u017eim jelima kao \u0161to su jela s ro\u0161tilja, divlja\u010di i druga mesna jela upravo zbog odli\u010dne kombinacije slatko\u2013kiselog okusa.<\/p>\n<p>Mo\u017eete ga poslu\u017eiti i kao aperitiv ili uz predjela od sira&#8230;<\/p>\n<p>KOLI\u010cINA: 0,5 L<\/p>\n<p>CIJENA: 8,00 EUR<\/p>\n","protected":false},"excerpt":{"rendered":"<p>vo\u0107no vino &#8211; vino od aronije<\/p>\n","protected":false},"featured_media":359,"template":"","meta":[],"_links":{"self":[{"href":"https:\/\/opgsmid.hr\/index.php?rest_route=\/wp\/v2\/product\/344"}],"collection":[{"href":"https:\/\/opgsmid.hr\/index.php?rest_route=\/wp\/v2\/product"}],"about":[{"href":"https:\/\/opgsmid.hr\/index.php?rest_route=\/wp\/v2\/types\/product"}],"wp:featuredmedia":[{"embeddable":true,"href":"https:\/\/opgsmid.hr\/index.php?rest_route=\/wp\/v2\/media\/359"}],"wp:attachment":[{"href":"https:\/\/opgsmid.hr\/index.php?rest_route=%2Fwp%2Fv2%2Fmedia&parent=344"}],"curies":[{"name":"wp","href":"https:\/\/api.w.org\/{rel}","templated":true}]}}