{"id":309,"date":"2017-10-05T11:00:15","date_gmt":"2017-10-05T11:00:15","guid":{"rendered":"http:\/\/opgsmid.hr\/?post_type=product&#038;p=309"},"modified":"2024-07-29T12:11:28","modified_gmt":"2024-07-29T12:11:28","slug":"aronija-prah","status":"publish","type":"product","link":"https:\/\/opgsmid.hr\/?product=aronija-prah","title":{"rendered":"Aronija prah"},"content":{"rendered":"<p>SASTAV: 100% plod aronije, su\u0161en i fino mljeven.<\/p>\n<p>NA\u010cIN UPOTREBE: Aroniju u prahu mo\u017ee se umije\u0161ati u bilo koji obrok, npr. doru\u010dak od \u017eitarica, jogurt, shake te u mnoge druge.<\/p>\n<p>KOLI\u010cINA: 100 g<\/p>\n<p>CIJENA: 3,00 EUR<\/p>\n","protected":false},"excerpt":{"rendered":"<p>Plod aronije, su\u0161en i fino mljeven.<\/p>\n","protected":false},"featured_media":90,"template":"","meta":[],"_links":{"self":[{"href":"https:\/\/opgsmid.hr\/index.php?rest_route=\/wp\/v2\/product\/309"}],"collection":[{"href":"https:\/\/opgsmid.hr\/index.php?rest_route=\/wp\/v2\/product"}],"about":[{"href":"https:\/\/opgsmid.hr\/index.php?rest_route=\/wp\/v2\/types\/product"}],"wp:featuredmedia":[{"embeddable":true,"href":"https:\/\/opgsmid.hr\/index.php?rest_route=\/wp\/v2\/media\/90"}],"wp:attachment":[{"href":"https:\/\/opgsmid.hr\/index.php?rest_route=%2Fwp%2Fv2%2Fmedia&parent=309"}],"curies":[{"name":"wp","href":"https:\/\/api.w.org\/{rel}","templated":true}]}}