{"id":307,"date":"2017-10-05T10:58:09","date_gmt":"2017-10-05T10:58:09","guid":{"rendered":"http:\/\/opgsmid.hr\/?post_type=product&#038;p=307"},"modified":"2026-02-18T20:49:45","modified_gmt":"2026-02-18T20:49:45","slug":"dzem-od-aronije","status":"publish","type":"product","link":"https:\/\/opgsmid.hr\/?product=dzem-od-aronije","title":{"rendered":"D\u017eem od aronije"},"content":{"rendered":"<p>OPIS: Na\u0161i d\u017eemovi ra\u0111eni su samo od plodova ekolo\u0161ki uzgojene aronije, prema tradicionalnom receptu, te ne sadr\u017ee dodatne aditive i konzervanse.<\/p>\n<p>SASTAV: 100 % plod aronije, \u0161e\u0107er<\/p>\n<p>CIJENA: 5.00 EUR<\/p>\n","protected":false},"excerpt":{"rendered":"<p>D\u017eem od plodova ekolo\u0161ki uzgojene aronije, prema tradicionalnom receptu, ne sadr\u017ei dodatne aditive i konzervanse.<\/p>\n","protected":false},"featured_media":86,"template":"","meta":[],"_links":{"self":[{"href":"https:\/\/opgsmid.hr\/index.php?rest_route=\/wp\/v2\/product\/307"}],"collection":[{"href":"https:\/\/opgsmid.hr\/index.php?rest_route=\/wp\/v2\/product"}],"about":[{"href":"https:\/\/opgsmid.hr\/index.php?rest_route=\/wp\/v2\/types\/product"}],"wp:featuredmedia":[{"embeddable":true,"href":"https:\/\/opgsmid.hr\/index.php?rest_route=\/wp\/v2\/media\/86"}],"wp:attachment":[{"href":"https:\/\/opgsmid.hr\/index.php?rest_route=%2Fwp%2Fv2%2Fmedia&parent=307"}],"curies":[{"name":"wp","href":"https:\/\/api.w.org\/{rel}","templated":true}]}}