{"id":305,"date":"2017-10-05T10:53:25","date_gmt":"2017-10-05T10:53:25","guid":{"rendered":"http:\/\/opgsmid.hr\/?post_type=product&#038;p=305"},"modified":"2024-07-29T12:13:01","modified_gmt":"2024-07-29T12:13:01","slug":"caj-od-presanog-ploda-aronije","status":"publish","type":"product","link":"https:\/\/opgsmid.hr\/?product=caj-od-presanog-ploda-aronije","title":{"rendered":"\u010caj od pre\u0161anog ploda aronije"},"content":{"rendered":"<p>OPIS: 100% su\u0161eni plod aronije<\/p>\n<p>UPUTA ZA PRIPREMU: Jednu \u017eli\u010dicu \u010daja preliti s 2 dcl kipu\u0107e vode. Ostaviti u zatvorenoj posudi 10 minuta.<br \/>\nProcijediti i zasladiti po \u017eelji.<\/p>\n<p>KOLI\u010cINA: 100 g<\/p>\n<p>CIJENA: 3,00 EUR<\/p>\n","protected":false},"excerpt":{"rendered":"<p>100% su\u0161eni plod aronije<\/p>\n","protected":false},"featured_media":82,"template":"","meta":[],"_links":{"self":[{"href":"https:\/\/opgsmid.hr\/index.php?rest_route=\/wp\/v2\/product\/305"}],"collection":[{"href":"https:\/\/opgsmid.hr\/index.php?rest_route=\/wp\/v2\/product"}],"about":[{"href":"https:\/\/opgsmid.hr\/index.php?rest_route=\/wp\/v2\/types\/product"}],"wp:featuredmedia":[{"embeddable":true,"href":"https:\/\/opgsmid.hr\/index.php?rest_route=\/wp\/v2\/media\/82"}],"wp:attachment":[{"href":"https:\/\/opgsmid.hr\/index.php?rest_route=%2Fwp%2Fv2%2Fmedia&parent=305"}],"curies":[{"name":"wp","href":"https:\/\/api.w.org\/{rel}","templated":true}]}}