{"id":303,"date":"2017-10-05T10:47:09","date_gmt":"2017-10-05T10:47:09","guid":{"rendered":"http:\/\/opgsmid.hr\/?post_type=product&#038;p=303"},"modified":"2025-08-11T14:18:09","modified_gmt":"2025-08-11T14:18:09","slug":"maticni-sok-aronije","status":"publish","type":"product","link":"https:\/\/opgsmid.hr\/?product=maticni-sok-aronije","title":{"rendered":"Mati\u010dni sok aronije (1L) \/ DOSTUPNO &#8211; NOVA BERBA 2025."},"content":{"rendered":"<p>100% mati\u010dni sok dobiven pre\u0161anjem svje\u017eih, ekolo\u0161ki uzgojenih bobica aronije, bez dodatka vode \u0161e\u0107era ili konzervansa.<\/p>\n<p>Pasteriziran.<\/p>\n<p>Nakon otvaranja \u010duvati u hladnjaku.<\/p>\n<p>KOLI\u010cINA: 1 litra<\/p>\n<p>CIJENA: 10,00 EUR<\/p>\n","protected":false},"excerpt":{"rendered":"<p>100% mati\u010dni sok dobiven pre\u0161anjem svje\u017eih, ekolo\u0161ki uzgojenih bobica aronije, bez dodatka vode \u0161e\u0107era ili konzervansa.<\/p>\n<p>&nbsp;<\/p>\n","protected":false},"featured_media":78,"template":"","meta":[],"_links":{"self":[{"href":"https:\/\/opgsmid.hr\/index.php?rest_route=\/wp\/v2\/product\/303"}],"collection":[{"href":"https:\/\/opgsmid.hr\/index.php?rest_route=\/wp\/v2\/product"}],"about":[{"href":"https:\/\/opgsmid.hr\/index.php?rest_route=\/wp\/v2\/types\/product"}],"wp:featuredmedia":[{"embeddable":true,"href":"https:\/\/opgsmid.hr\/index.php?rest_route=\/wp\/v2\/media\/78"}],"wp:attachment":[{"href":"https:\/\/opgsmid.hr\/index.php?rest_route=%2Fwp%2Fv2%2Fmedia&parent=303"}],"curies":[{"name":"wp","href":"https:\/\/api.w.org\/{rel}","templated":true}]}}