{"id":97,"date":"2017-09-28T07:55:28","date_gmt":"2017-09-28T07:55:28","guid":{"rendered":"http:\/\/opgsmid.hr\/?page_id=97"},"modified":"2023-08-09T15:36:40","modified_gmt":"2023-08-09T15:36:40","slug":"kontakt","status":"publish","type":"page","link":"https:\/\/opgsmid.hr\/?page_id=97","title":{"rendered":"Kontakt"},"content":{"rendered":"<p><strong>Obiteljsko poljoprivredno gospodarstvo \u0160mid<\/strong><\/p>\n<p><strong>Adresa:<\/strong><\/p>\n<p>Eugena Kumi\u010di\u0107a 63<\/p>\n<p>43000 Bjelovar<\/p>\n<p>opgsmid@gmail.com<\/p>\n<p><iframe loading=\"lazy\" style=\"border: 0;\" src=\"https:\/\/www.google.com\/maps\/embed?pb=!1m18!1m12!1m3!1d2775.5854505015627!2d16.85021291577047!3d45.919597479108944!2m3!1f0!2f0!3f0!3m2!1i1024!2i768!4f13.1!3m3!1m2!1s0x4766367dff4b4491%3A0x4d3d0947e9052d27!2sUl.+Eugena+Kumi%C4%8Di%C4%87a+63%2C+43000%2C+Bjelovar!5e0!3m2!1sen!2shr!4v1506592166536\" width=\"480\" height=\"320\" frameborder=\"0\" allowfullscreen=\"allowfullscreen\"><\/iframe><\/p>\n<p><strong>Mob:<\/strong><\/p>\n<p>+385 95 871 3774<\/p>\n<p><strong>Kontaktirajte nas:<\/strong><\/p>\n<div role=\"form\" class=\"wpcf7\" id=\"wpcf7-f100-o1\" lang=\"hr\" dir=\"ltr\">\n<div class=\"screen-reader-response\"><\/div>\n<form action=\"\/index.php?rest_route=%2Fwp%2Fv2%2Fpages%2F97#wpcf7-f100-o1\" method=\"post\" class=\"wpcf7-form\" novalidate=\"novalidate\">\n<div style=\"display: none;\">\n<input type=\"hidden\" name=\"_wpcf7\" value=\"100\" \/>\n<input type=\"hidden\" name=\"_wpcf7_version\" value=\"4.9\" \/>\n<input type=\"hidden\" name=\"_wpcf7_locale\" value=\"hr\" \/>\n<input type=\"hidden\" name=\"_wpcf7_unit_tag\" value=\"wpcf7-f100-o1\" \/>\n<input type=\"hidden\" name=\"_wpcf7_container_post\" value=\"0\" \/>\n<\/div>\n<p><label> Va\u0161e ime (obavezno)<br \/>\n    <span class=\"wpcf7-form-control-wrap your-name\"><input type=\"text\" name=\"your-name\" value=\"\" size=\"40\" class=\"wpcf7-form-control wpcf7-text wpcf7-validates-as-required\" aria-required=\"true\" aria-invalid=\"false\" \/><\/span> <\/label><\/p>\n<p><label> Va\u0161a e-po\u0161ta (obavezno)<br \/>\n    <span class=\"wpcf7-form-control-wrap your-email\"><input type=\"email\" name=\"your-email\" value=\"\" size=\"40\" class=\"wpcf7-form-control wpcf7-text wpcf7-email wpcf7-validates-as-required wpcf7-validates-as-email\" aria-required=\"true\" aria-invalid=\"false\" \/><\/span> <\/label><\/p>\n<p><label> Predmet<br \/>\n    <span class=\"wpcf7-form-control-wrap your-subject\"><input type=\"text\" name=\"your-subject\" value=\"\" size=\"40\" class=\"wpcf7-form-control wpcf7-text\" aria-invalid=\"false\" \/><\/span> <\/label><\/p>\n<p><label> Va\u0161a poruka<br \/>\n    <span class=\"wpcf7-form-control-wrap your-message\"><textarea name=\"your-message\" cols=\"40\" rows=\"10\" class=\"wpcf7-form-control wpcf7-textarea\" aria-invalid=\"false\"><\/textarea><\/span> <\/label><\/p>\n<p><input type=\"submit\" value=\"Po\u0161alji\" class=\"wpcf7-form-control wpcf7-submit\" \/><\/p>\n<div class=\"wpcf7-response-output wpcf7-display-none\"><\/div><\/form><\/div>\n","protected":false},"excerpt":{"rendered":"<p>Obiteljsko poljoprivredno gospodarstvo \u0160mid Adresa: Eugena Kumi\u010di\u0107a 63 43000 Bjelovar opgsmid@gmail.com Mob: +385 95 871 3774 Kontaktirajte nas:<\/p>\n","protected":false},"author":1,"featured_media":0,"parent":0,"menu_order":0,"comment_status":"closed","ping_status":"closed","template":"","meta":[],"_links":{"self":[{"href":"https:\/\/opgsmid.hr\/index.php?rest_route=\/wp\/v2\/pages\/97"}],"collection":[{"href":"https:\/\/opgsmid.hr\/index.php?rest_route=\/wp\/v2\/pages"}],"about":[{"href":"https:\/\/opgsmid.hr\/index.php?rest_route=\/wp\/v2\/types\/page"}],"author":[{"embeddable":true,"href":"https:\/\/opgsmid.hr\/index.php?rest_route=\/wp\/v2\/users\/1"}],"replies":[{"embeddable":true,"href":"https:\/\/opgsmid.hr\/index.php?rest_route=%2Fwp%2Fv2%2Fcomments&post=97"}],"version-history":[{"count":12,"href":"https:\/\/opgsmid.hr\/index.php?rest_route=\/wp\/v2\/pages\/97\/revisions"}],"predecessor-version":[{"id":417,"href":"https:\/\/opgsmid.hr\/index.php?rest_route=\/wp\/v2\/pages\/97\/revisions\/417"}],"wp:attachment":[{"href":"https:\/\/opgsmid.hr\/index.php?rest_route=%2Fwp%2Fv2%2Fmedia&parent=97"}],"curies":[{"name":"wp","href":"https:\/\/api.w.org\/{rel}","templated":true}]}}