{"id":241,"date":"2017-10-04T11:56:38","date_gmt":"2017-10-04T11:56:38","guid":{"rendered":"http:\/\/opgsmid.hr\/?page_id=241"},"modified":"2017-10-05T09:21:46","modified_gmt":"2017-10-05T09:21:46","slug":"bez-umjetnih-gnojiva","status":"publish","type":"page","link":"https:\/\/opgsmid.hr\/?page_id=241","title":{"rendered":"Bez umjetnih gnojiva"},"content":{"rendered":"<p>Na na\u0161oj planta\u017ei ne koristimo umjetna gnojiva, ve\u0107 ona prirodna poznatog podrijetla koja nisu iz kovencionalne proizvodnje.<\/p>\n","protected":false},"excerpt":{"rendered":"<p>Na na\u0161oj planta\u017ei ne koristimo umjetna gnojiva, ve\u0107 ona prirodna poznatog podrijetla koja nisu iz kovencionalne proizvodnje.<\/p>\n","protected":false},"author":1,"featured_media":279,"parent":0,"menu_order":0,"comment_status":"closed","ping_status":"closed","template":"","meta":[],"_links":{"self":[{"href":"https:\/\/opgsmid.hr\/index.php?rest_route=\/wp\/v2\/pages\/241"}],"collection":[{"href":"https:\/\/opgsmid.hr\/index.php?rest_route=\/wp\/v2\/pages"}],"about":[{"href":"https:\/\/opgsmid.hr\/index.php?rest_route=\/wp\/v2\/types\/page"}],"author":[{"embeddable":true,"href":"https:\/\/opgsmid.hr\/index.php?rest_route=\/wp\/v2\/users\/1"}],"replies":[{"embeddable":true,"href":"https:\/\/opgsmid.hr\/index.php?rest_route=%2Fwp%2Fv2%2Fcomments&post=241"}],"version-history":[{"count":1,"href":"https:\/\/opgsmid.hr\/index.php?rest_route=\/wp\/v2\/pages\/241\/revisions"}],"predecessor-version":[{"id":242,"href":"https:\/\/opgsmid.hr\/index.php?rest_route=\/wp\/v2\/pages\/241\/revisions\/242"}],"wp:featuredmedia":[{"embeddable":true,"href":"https:\/\/opgsmid.hr\/index.php?rest_route=\/wp\/v2\/media\/279"}],"wp:attachment":[{"href":"https:\/\/opgsmid.hr\/index.php?rest_route=%2Fwp%2Fv2%2Fmedia&parent=241"}],"curies":[{"name":"wp","href":"https:\/\/api.w.org\/{rel}","templated":true}]}}