{"id":199,"date":"2017-10-03T11:43:43","date_gmt":"2017-10-03T11:43:43","guid":{"rendered":"http:\/\/opgsmid.hr\/?page_id=199"},"modified":"2024-07-29T12:21:18","modified_gmt":"2024-07-29T12:21:18","slug":"uvjeti-kupnje","status":"publish","type":"page","link":"https:\/\/opgsmid.hr\/?page_id=199","title":{"rendered":"Uvjeti kupnje"},"content":{"rendered":"<p><strong>Uvjeti kupnje (Predugovorne obavijesti)<\/strong><\/p>\n<p><strong>\u00a01. <\/strong><strong>Op\u0107enito\u00a0<\/strong><\/p>\n<p>Internetska stranica www.opgsmid.hr u vlasni\u0161tvu je Obiteljskog poljoprivrednog gospodarstva Marko \u0160mid, Eugena Kumi\u010di\u0107a 63, 43000 Bjelovar.<\/p>\n<p>Svi materijali koje se nalaze na\u00a0<a href=\"http:\/\/www.opgsmid.hr\/\">www.opgsmid.hr<\/a>\u00a0internetskoj stranici ekskluzivno su i intelektualno vlasni\u0161tvo Obiteljskog poljoprivrednog gospodarstva Marko \u0160mid, Eugena Kumi\u010di\u0107a 63, 43000 Bjelovar. Mogu se koristiti isklju\u010divo uz izri\u010dito odobrenje nositelja autorskih prava. OPG \u0160mid omogu\u0107uje kori\u0161tenje usluga i sadr\u017eaja internetske stranice\u00a0<a href=\"http:\/\/www.opgsmid.hr\/\">www.opgsmid.hr<\/a>\u00a0kako je regulirano ovim Uvjetima kupnje.<\/p>\n<p>Ovi Uvjeti kupnje dio su obveze Prodavatelja sukladno odredbama Zakona o za\u0161titi potro\u0161a\u010da, te slu\u017ee tome da Kupac prije nego sklopi ugovor na daljinu bude na jasan i razumljiv na\u010din obavije\u0161ten o nizu okolnosti bitnih za zaklju\u010denje, izvr\u0161avanje, raskid ugovora, a sve sukladno zakonskom ure\u0111enju.<\/p>\n<p>Pojam Prodavatelj odnosi se dakle na Obiteljsko poljoprivredno gospodarstvo Marko \u0160mid, Eugena Kumi\u010di\u0107a 63, 43000 Bjelovar T: <u>095\/8713774<\/u>, E: <u>opgsmid@gmail.com<\/u>, W:\u00a0<a href=\"http:\/\/www.opgsmid.hr\/\">www.opgsmid.hr<\/a>.<\/p>\n<p>Pojam Kupca odnose se i na: klasi\u010dnog potro\u0161a\u010da: fizi\u010dku osobu koja izvan bilo kakve djelatnosti naru\u010di i plati bilo koji proizvod posredstvom usluga web trgovine prisutnih na web stranici Prodavatelja, ali i na kupce obrtnike, trgovce pojedince i fizi\u010dke osobe koje obavljaju poslovne djelatnosti, a koji su za\u0161ti\u0107eni odredbama Zakona o za\u0161titi potro\u0161a\u010da samo ako kupuju proizvode nevezano za svoje poslovne djelatnosti, te na sve ostale kupce primjerice pravne osobe.<\/p>\n<p>Prodavatelj prodajom putem Internet stranice\u00a0<a href=\"http:\/\/www.opgsmid.hr\/\">www.opgsmid.hr<\/a>\u00a0nastupa u svoje ime.<\/p>\n<p>Uvjeti kupnje \u010dine dio ugovora sklopljenog na daljinu zajedno sa specifikacijama i cijenom\/ama kupljenog\/ih proizvoda, te \u0107e se prije potvr\u0111ivanja narud\u017ebe za kupnju pojedinog proizvoda od Kupca tra\u017eiti da iste prihvati\/izjavi da je sa istima upoznat\/suglasan, dok \u0107e nakon potvr\u0111ivanja narud\u017ebe (sklapanja ugovora) isti biti dostavljeni Kupcu kao sadr\u017eaj e-mail poruke kojom se potvr\u0111uje da je ugovor sklopljen. Prodavatelj zadr\u017eava pravo izmjene uvjeta u svako vrijeme, s tim da navedene izmjene stupaju na snagu nakon objave na ovim internet stranicama.<\/p>\n<p>Kada Kupac potvrdi i izvr\u0161i narud\u017ebu ugovor je sklopljen, te \u0107e Prodavatelj o \u010dinjenici sklapanja ugovora odmah e-mail porukom obavijestiti da je ugovor sklopljen.<\/p>\n<p>Za valjano sklopljeni ugovor potrebno je da je Kupac osoba koja ima potpunu poslovnu sposobnost.<\/p>\n<p>Kupac odgovara za potpunost i istinitost unesenih podataka prilikom registracije.<\/p>\n<p>Uvjeti kupnje podijeljeni su u ni\u017ee razvrstane kategorije\/informacije.<\/p>\n<p>Pristup na internetske stranice\u00a0<a href=\"http:\/\/www.opgsmid.hr\/\">www.opgsmid.hr<\/a>. ponekad mo\u017ee biti nedostupan zbog radova, odr\u017eavanja ili uvo\u0111enja novih sadr\u017eaja te u slu\u010dajevima nepredvi\u0111enih okolnosti koje su izvan kontrole Prodavatelja, koje \u0107e Prodavatelj nastojati otkloniti u najkra\u0107em mogu\u0107em roku.<\/p>\n<p><strong>\u00a0<\/strong><\/p>\n<p><strong>\u00a02. <\/strong><strong>Glavna obilje\u017eja robe<\/strong><\/p>\n<p>Glavna obilje\u017eja robe: proizvodi su prikazani opisno i fotografijama, te su podaci o istima sa\u010dinjeni temeljem OPG \u0160mid baze podataka.<\/p>\n<p>Fotografije proizvoda su ilustrativne prirode, te ne moraju uvijek i u svim detaljima odgovarati proizvodima koji su predmet narud\u017ebe. Prodavatelj posebno isti\u010de da vizualni identitet proizvoda prikazan na fotografiji ne mora odgovarati izgledu proizvoda u stvarnosti, pogotovo obzirom na postavke monitora na ra\u010dunalu kupca, razlike u percepciji boja kako ih Kupac vidi na zaslonu i sl. U slu\u010daju gore navedenog nesklada izme\u0111u proizvoda prikazanog na fotografiji i isporu\u010denog proizvoda ne radi se o nedostatku proizvoda.<\/p>\n<p>U slu\u010daju gore navedenog nesklada izme\u0111u proizvoda prikazanog na fotografiji i isporu\u010denog proizvoda ne radi se o nedostatku proizvoda. Podaci o proizvodima (opis proizvoda, cijena i dr.) prikazani na web stranici\u00a0<a href=\"http:\/\/www.opgsmid.hr\/\">www.opgsmid.hr<\/a>\u00a0podlo\u017eni su bugovima, nepravilnostima u radu aplikacije, drugim tehni\u010dkim nepravilnostima, tipografskim pogre\u0161kama i sl. U slu\u010daju o\u010ditih pogre\u0161aka ili neispravnosti u pogledu podataka o proizvodima prikazanih na\u00a0<a href=\"http:\/\/www.opgsmid.hr\/\">www.opgsmid.hr<\/a>\u00a0Prodavatelj zadr\u017eava pravo jednostrano raskinuti ugovor.<\/p>\n<p>Predmet narud\u017ebe mogu biti samo proizvodi za koje je u narud\u017ebi nazna\u010deno da su raspolo\u017eivi i dostupni. Zbog velikog broja narud\u017ebi koje se istovremeno predaju na\u00a0<a href=\"http:\/\/www.opgsmid.hr\/\">www.opgsmid.hr<\/a>, mo\u017ee se dogoditi da informacija o raspolo\u017eivosti proizvoda ne bude istovjetna sa stanjem u OPG \u0160mid skladi\u0161tu.<\/p>\n<p>Ukoliko naru\u010deni proizvod nije raspolo\u017eiv na skladi\u0161tu, Prodavatelj \u0107e obavijestiti Kupca da proizvod trenutno nije raspolo\u017eiv, o roku u kojem je proizvod dobavljiv, te ujedno ponuditi mogu\u0107nost kupnje alternativnog proizvoda iz\u00a0<a href=\"http:\/\/www.opgsmid.hr\/\">www.opgsmid.hr<\/a>\u00a0koji je raspolo\u017eiv za isporuku i koji je po svojim karakteristikama najbli\u017ei proizvodu koji nije mogu\u0107e isporu\u010diti.<\/p>\n<p><strong>\u00a0<\/strong><\/p>\n<p><strong>3. Cijena proizvoda<\/strong><\/p>\n<p>Cijene istaknute na web stranici\u00a0<a href=\"http:\/\/www.opgsmid.hr\/\">www.opgsmid.hr<\/a>\u00a0izra\u017eene su u kunama. U cijene proizvoda nisu uklju\u010deni tro\u0161kovi dostave iz razloga se isti posebno pla\u0107aju, osim na narud\u017ebe iznad odre\u0111enog iznosa kada je dostava besplatna, a sve sukladno uvjetima i na na\u010din kako je to nazna\u010deno ovim Uvjetima kupnje.<\/p>\n<p>Prije potvrde narud\u017ebe odvojeno je iskazana cijena proizvoda, cijena dostave ako je naplatna, te kona\u010dna cijena kako bi Kupac imao uvid u kona\u010dnu cijenu koju pla\u0107a za naru\u010denu uslugu kupnje.<\/p>\n<p>U slu\u010daju pla\u0107anja e-bankingom i op\u0107om uplatnicom, tro\u0161kovi uplate i\/ili me\u0111ubankarske transakcije nisu uklju\u010deni u cijenu.<\/p>\n<p><strong>4. Tro\u0161kovi dostave<\/strong><\/p>\n<p>Priop\u0107avaju se prilikom naru\u010divanja kod svakog pojedinog proizvoda, te ukupni tro\u0161kovi dostave u slu\u010daju naru\u010divanja vi\u0161e proizvoda.<\/p>\n<p>Cijena dostave je podijeljena u dva razreda:<\/p>\n<ul>\n<li>vrijednost narud\u017ebe do 50 \u20ac &#8211; 5,50 \u20ac<\/li>\n<li>vrijednost narud\u017ebe iznad 50 \u20ac &#8211; besplatna dostava<\/li>\n<\/ul>\n<p>Napomena: navedene cijene dostave i pogodnosti vezane uz iste vrijede samo za dostave za podru\u010dje Hrvatske.<\/p>\n<p><strong>5. Tro\u0161kovi uporabe sredstava daljinske komunikacije<\/strong><\/p>\n<p>Prodavatelj nema nikakvih dodatnih tro\u0161kova sredstava daljinske komunikacije.<\/p>\n<p><strong>6. Uvjeti i rokovi pla\u0107anja, uvjeti isporuke robe, vrijeme isporuke robe<\/strong><\/p>\n<p>Proizvodi se naru\u010duju odabirom, kori\u0161tenjem menija i popunjavanjem elektronskog formulara. Proizvod se smatra naru\u010denim kada kupac pro\u0111e cijeli postupak narud\u017ebe.<\/p>\n<p>Pla\u0107anje naru\u010denih proizvoda mogu\u0107e je obaviti na sljede\u0107e na\u010dine:<\/p>\n<ul>\n<li>E-bankingom<\/li>\n<li>Op\u0107om uplatom<\/li>\n<li>Pouze\u0107em<\/li>\n<\/ul>\n<p>U slu\u010daju da Kupac \u017eeli platiti gotovinom, potrebno je odabrati pla\u0107anje pouze\u0107em. U tom slu\u010daju dobro je imati pripremljen to\u010dan iznos kako bi primopredaja bila br\u017ea.<\/p>\n<p>Ukoliko kupac ne dobije obavijest da je ugovor sklopljen nakon zavr\u0161enog procesa naru\u010divanja sugerira se provjeriti:<\/p>\n<ul>\n<li>Je li poruka u Junk\/Spam folderu<\/li>\n<li>Je li mailbox pun<\/li>\n<\/ul>\n<p>U slu\u010daju da uplata ne bude izvr\u0161ena u navedenom roku Prodavatelj \u0107e postupiti i po naknadno izvr\u0161enoj uplati izvan roka isporukom kupljenih proizvoda, a ako ne bude mogao izvr\u0161iti isporuku iz opravdanih razloga, ugovor \u0107e jednostrano raskinuti i izvr\u0161iti povrat upla\u0107enih sredstava.<\/p>\n<p>Ako je uplata uredno izvr\u0161ena i vidljiva na ra\u010dunu Prodavatelja, Prodavatelj \u0107e pristupiti isporuci naru\u010denih proizvoda.<\/p>\n<p>Naru\u010deni proizvodi isporu\u010duju se na cijelo podru\u010dje Republike Hrvatske i Slovenije. Isporuka se obavlja preko <u>GLS-a<\/u>.<\/p>\n<p>Isporuka \u0107e uslijediti najkasnije u roku 3 radnih dana od vidljive uplate na ra\u010dunu Prodavatelja. Ukoliko se pojavi nemogu\u0107nost isporuke odabranog proizvoda zbog toga \u0161to proizvoda vi\u0161e nema, Prodavatelj je du\u017ean odmah obavijestiti Kupca, a Kupac ima pravo raskinuti ugovor i tra\u017eiti povrat novca ili pristati na naknadni rok za isporuku. Svi naru\u010deni artikli nastojati \u0107e se isporu\u010diti u jednom paketu. Ukoliko to zbog stanja zaliha ne\u0107e biti mogu\u0107e, Prodavatelj zadr\u017eava pravo isporuke u vi\u0161e po\u0161iljki.<\/p>\n<p>Dostava se obavlja sukladno uvjetima kori\u0161tenja usluga dostavne slu\u017ebe, a smatra se izvr\u0161enom u trenutku predaje proizvoda dostavnoj slu\u017ebi.<\/p>\n<p>Sve narud\u017ebe zaprimljene radnim danom do 13 sati obra\u0111uju isti dan kako bi u ve\u0107ini slu\u010dajeva naru\u010dena roba isti dan bila predana dostavnoj slu\u017ebi. Narud\u017ebe nakon 13 sati radnim danom (osim petkom) predaju se sljede\u0107ega dana, dok se narud\u017ebe od petka nakon 13 sati predaju ponedjeljkom. Ponedjeljkom se obra\u0111uju i narud\u017ebe pristigle tijekom subote i nedjelje. Nakon \u0161to se roba preda dostavnoj slu\u017ebi, na e-mail adresu Kupca biti \u0107e poslan broj po\u0161iljke kako bi se mogao provjeriti njezin status na adresi dostavne slu\u017ebe.\u00a0Na\u017ealost, Prodavatelj nije u mogu\u0107nosti utjecati na daljnju brzinu dostave i mogu\u0107e komplikacije vezane uz samu dostavu nastale od strane dostavne slu\u017ebe. Za svaku po\u0161iljku Kupac ovjerava i potpisuje dostavnu listu po primitku po\u0161iljke.<\/p>\n<p>Na otoke koje pokriva GLS roba \u0107e biti isporu\u010dena prema rasporedu iz tablice, a na sve ostale otoke koje ne pokriva GLS Prodavatelj robu \u0161alje putem HP-a.<\/p>\n<p>Kada Prodavatelj putem dostavne slu\u017ebe isporu\u010di proizvod Kupcu, Kupac je du\u017ean preuzeti potpisom na dostavnici, \u010dime potvr\u0111uje da je proizvod uredno isporu\u010den.<\/p>\n<p>U slu\u010daju da Kupac naru\u010di robu i odbije ju primiti, Prodavatelj ima pravo uskratiti od upla\u0107enog iznosa kupoprodajne cijene iznos u visini tro\u0161kova dostave i ostalih manipulativnih tro\u0161kova iz cjenika dostave.<\/p>\n<p>U rokove za isporuku ne ra\u010dunaju se:<\/p>\n<ul>\n<li>dan prijema narud\u017ebe\/zahtjeva<\/li>\n<li>vrijeme ka\u0161njenja zbog neto\u010dne i nepotpune adrese Kupca<\/li>\n<li>vrijeme ka\u0161njenja zbog vi\u0161e sile ili drugih razloga za koje Prodavatelj nije kriv<\/li>\n<li>neradni dani ako predstavljaju po\u010detak ili kraj roka<\/li>\n<\/ul>\n<p>U slu\u010daju da se naru\u010deni proizvod pla\u0107a pouze\u0107em, Prodavatelj \u0107e pristupiti isporuci robe po gore navedenim rokovima koji teku od potvrde narud\u017ebe, a Kupac je du\u017ean izvr\u0161iti uplatu prilikom odnosno prije neposrednog preuzimanja proizvoda.<\/p>\n<p><strong>7. Trajanje ugovora<\/strong><\/p>\n<p>Ugovor koji Kupac sklapa s Prodavateljem jednokratan je ugovor o kupoprodaji proizvoda na daljinu koji je konzumiran isporukom\u00a0robe te izvr\u0161enim pla\u0107anjem od strane kupca, u slu\u010daju da ne bude raskinut. Ovi Uvjeti kupnje sastavni su dio ugovora.<\/p>\n<p><strong>\u00a0<\/strong><\/p>\n<p><strong>8. Izjava o privatnosti i sigurnosti podataka<\/strong><\/p>\n<p>Ova pravila odre\u0111uju i reguliraju kako Prodavatelj koristi, te \u0161titi sve informacije koje kupci istome dostavljaju kada koriste web stranicu\u00a0<a href=\"http:\/\/www.opgsmid.hr\/\">www.opgsmid.hr<\/a> Osobni podatak\u00a0je svaka informacija koja se odnosi na odre\u0111enu fizi\u010dku osobu ili fizi\u010dku osobu koja se mo\u017ee odrediti. Konkretno, osobnim podacima smatraju se svi podaci kojima se utvr\u0111uje identitet kupca (primjerice ime i prezime, e-mail adresa, adresa stanovanja i sl.). Obrada osobnih podataka\u00a0je svaka radnja ili skup radnji izvr\u0161enih na osobnim podacima, bilo automatskim sredstvima ili ne, kao \u0161to je prikupljanje, snimanje, organiziranje, spremanje, prilagodba ili izmjena, povla\u010denje, uvid, kori\u0161tenje, otkrivanje putem prijenosa, objavljivanje ili na drugi na\u010din u\u010dinjenih dostupnim, svrstavanje ili kombiniranje, blokiranje, brisanje ili uni\u0161tavanje, te provedba logi\u010dkih, matemati\u010dkih i drugih operacija s tim podacima.<br \/>\nRegistracijom na internet stranici\u00a0<a href=\"http:\/\/www.opgsmid.hr\/\">www.opgsmid.hr<\/a>, kupnjom ili pristupanjem samoj stranici kupac daje suglasnost da Prodavatelj obra\u0111uje njegove osobne podatke navedene u registracijskoj formi, te podatke o narud\u017ebama, kao i podatke dostupne u procesu pla\u0107anja usluge i dr. podatke. Isti podaci koriste se u svrhu sklapanja ugovora, te u svrhu upoznavanja prodavatelja s kupovnim navikama kupaca, kao i u informativne svrhe, te svrhe promid\u017ebe usluga i proizvoda prodavatelja. Prodavatelj se obvezuje \u010duvati privatnost osobnih podataka svih \u00a0Kupaca, te \u0107e s istima postupati u skladu sa Zakonom o za\u0161titi osobnih podataka, odnosno drugim primjenjivim propisima. Sve gore navedene osobne podatke Prodavatelj ne smije neovla\u0161teno upotrebljavati niti u\u010diniti dostupnim tre\u0107im osobama, osim u slu\u010dajevima kada to poseban zakon dozvoljava ili je pak potrebno u svrhu realizacije ugovornih obveza. Svi djelatnici Prodavatelja i poslovni partneri odgovorni su za po\u0161tivanje na\u010dela za\u0161tite privatnosti.<\/p>\n<p>Kako bi posjet ovoj internetskoj stranici bio \u0161to ugodniji, funkcionalniji i prakti\u010dniji, ova internet stranica sprema na va\u0161e ra\u010dunalo odre\u0111enu koli\u010dinu informacija, takozvanih\u00a0cookies\u00a0(kola\u010di\u0107i). Oni slu\u017ee da bi web stranica radila optimalno i kako bi se pobolj\u0161alo va\u0161e iskustvo pregledavanja i kori\u0161tenja. Posjetom i kori\u0161tenjem ove web stranice pristajete na upotrebu kola\u010di\u0107a koje je mogu\u0107e i blokirati. Nakon toga \u0107ete i dalje mo\u0107i pregledavati web stranicu, ali vam neke\u00a0mogu\u0107nosti ne\u0107e biti dostupne.<\/p>\n","protected":false},"excerpt":{"rendered":"<p>Uvjeti kupnje (Predugovorne obavijesti) \u00a01. Op\u0107enito\u00a0 Internetska stranica www.opgsmid.hr u vlasni\u0161tvu je Obiteljskog poljoprivrednog gospodarstva Marko \u0160mid, Eugena Kumi\u010di\u0107a 63, 43000 Bjelovar. Svi materijali koje se nalaze na\u00a0www.opgsmid.hr\u00a0internetskoj stranici ekskluzivno su i intelektualno vlasni\u0161tvo Obiteljskog poljoprivrednog gospodarstva Marko \u0160mid, Eugena Kumi\u010di\u0107a 63, 43000 Bjelovar. Mogu se koristiti isklju\u010divo uz izri\u010dito odobrenje nositelja autorskih prava. OPG [&hellip;]<\/p>\n","protected":false},"author":1,"featured_media":0,"parent":0,"menu_order":0,"comment_status":"closed","ping_status":"closed","template":"","meta":[],"_links":{"self":[{"href":"https:\/\/opgsmid.hr\/index.php?rest_route=\/wp\/v2\/pages\/199"}],"collection":[{"href":"https:\/\/opgsmid.hr\/index.php?rest_route=\/wp\/v2\/pages"}],"about":[{"href":"https:\/\/opgsmid.hr\/index.php?rest_route=\/wp\/v2\/types\/page"}],"author":[{"embeddable":true,"href":"https:\/\/opgsmid.hr\/index.php?rest_route=\/wp\/v2\/users\/1"}],"replies":[{"embeddable":true,"href":"https:\/\/opgsmid.hr\/index.php?rest_route=%2Fwp%2Fv2%2Fcomments&post=199"}],"version-history":[{"count":3,"href":"https:\/\/opgsmid.hr\/index.php?rest_route=\/wp\/v2\/pages\/199\/revisions"}],"predecessor-version":[{"id":465,"href":"https:\/\/opgsmid.hr\/index.php?rest_route=\/wp\/v2\/pages\/199\/revisions\/465"}],"wp:attachment":[{"href":"https:\/\/opgsmid.hr\/index.php?rest_route=%2Fwp%2Fv2%2Fmedia&parent=199"}],"curies":[{"name":"wp","href":"https:\/\/api.w.org\/{rel}","templated":true}]}}