{"id":15,"date":"2017-09-25T11:48:18","date_gmt":"2017-09-25T11:48:18","guid":{"rendered":"http:\/\/opgsmid.hr\/?page_id=15"},"modified":"2025-08-09T16:03:21","modified_gmt":"2025-08-09T16:03:21","slug":"o-nama","status":"publish","type":"page","link":"https:\/\/opgsmid.hr\/?page_id=15","title":{"rendered":"O nama"},"content":{"rendered":"<p>Mi smo malo obiteljsko poljoprivredno gospodarstvo koje se bavi ekolo\u0161kim uzgojem aronije.<br \/>\nOd aronije proizvodimo hladno pre\u0161ani sok, \u010daj, su\u0161enu aroniju, aroniju u prahu, d\u017eem.\u00a0Svoje proizvode prodajemo na ku\u0107nom pragu, te organiziranim manifestacijama diljem Hrvatske.<br \/>\nIznimno nam je drago \u0161to su kupci prepoznali kvalitetu na\u0161ih proizvoda te nam se ponovno vra\u0107aju.<\/p>\n<p style=\"text-align: center;\"><strong>Zdravo i prirodno!<\/strong><\/p>\n<p><span style=\"color: #339966;\">100% Eko uzgoj<\/span><br \/>\nNa\u0161a aronija proizvedena je na potpuno ekolo\u0161ki na\u010din pod kontrolom ovla\u0161tene ku\u0107e za certificiranje (Hrvatske \u0161ume).<\/p>\n<p><img decoding=\"async\" loading=\"lazy\" class=\"aligncenter wp-image-209 size-medium\" src=\"http:\/\/opgsmid.hr\/wp-content\/uploads\/2017\/09\/aronija-slika-300x196.jpg\" alt=\"\" width=\"300\" height=\"196\" srcset=\"https:\/\/opgsmid.hr\/wp-content\/uploads\/2017\/09\/aronija-slika-300x196.jpg 300w, https:\/\/opgsmid.hr\/wp-content\/uploads\/2017\/09\/aronija-slika-768x502.jpg 768w, https:\/\/opgsmid.hr\/wp-content\/uploads\/2017\/09\/aronija-slika-1024x669.jpg 1024w, https:\/\/opgsmid.hr\/wp-content\/uploads\/2017\/09\/aronija-slika-380x248.jpg 380w, https:\/\/opgsmid.hr\/wp-content\/uploads\/2017\/09\/aronija-slika.jpg 1531w\" sizes=\"(max-width: 300px) 100vw, 300px\" \/><\/p>\n<p><span style=\"color: #99cc00;\">Bez umjetni<\/span><span style=\"color: #99cc00;\">h gnojiva<\/span><br \/>\nNa na\u0161oj planta\u017ei ne koristimo umjetna gnojiva, ve\u0107 ona prirodna poznatog podrijetla koja nisu iz konvencionalne proizvodnje.<\/p>\n<p><img decoding=\"async\" loading=\"lazy\" class=\"aligncenter wp-image-210 size-medium\" src=\"http:\/\/opgsmid.hr\/wp-content\/uploads\/2017\/09\/Aronija-300x300.jpg\" alt=\"\" width=\"300\" height=\"300\" srcset=\"https:\/\/opgsmid.hr\/wp-content\/uploads\/2017\/09\/Aronija-300x300.jpg 300w, https:\/\/opgsmid.hr\/wp-content\/uploads\/2017\/09\/Aronija-150x150.jpg 150w, https:\/\/opgsmid.hr\/wp-content\/uploads\/2017\/09\/Aronija.jpg 350w\" sizes=\"(max-width: 300px) 100vw, 300px\" \/><\/p>\n<p><span style=\"color: #ff6600;\">Za zdravlje Va\u0161e obitelji<\/span><br \/>\nAronija je super vo\u0107e koje \u0107e Vam osigurati da svoj organizam \u0161to je prije mogu\u0107e dovedete u red.<\/p>\n<p>Snaga, izdr\u017eljivost, ja\u010danje organizma i rekuperacija nakon ili za vrijeme te\u0161kih zdravstvenih tegoba &#8211; sve u jednom!<\/p>\n<p><img decoding=\"async\" loading=\"lazy\" class=\"aligncenter wp-image-211 size-medium\" src=\"http:\/\/opgsmid.hr\/wp-content\/uploads\/2017\/09\/susena-aronija-100g-rinfuz-300x234.jpg\" alt=\"\" width=\"300\" height=\"234\" srcset=\"https:\/\/opgsmid.hr\/wp-content\/uploads\/2017\/09\/susena-aronija-100g-rinfuz-300x234.jpg 300w, https:\/\/opgsmid.hr\/wp-content\/uploads\/2017\/09\/susena-aronija-100g-rinfuz-380x296.jpg 380w, https:\/\/opgsmid.hr\/wp-content\/uploads\/2017\/09\/susena-aronija-100g-rinfuz.jpg 700w\" sizes=\"(max-width: 300px) 100vw, 300px\" \/><\/p>\n<p><span style=\"color: #008000;\">Ru\u010dno brane bobice<\/span><br \/>\nSvi na\u0161i proizvodi rade se od idealno zrelih, te ru\u010dno branih bobica eko aronije.<\/p>\n<p><img decoding=\"async\" loading=\"lazy\" class=\"size-medium wp-image-547 aligncenter\" src=\"https:\/\/opgsmid.hr\/wp-content\/uploads\/2025\/08\/Aronija-rukavica-nova-slika-225x300.jpg\" alt=\"\" width=\"225\" height=\"300\" srcset=\"https:\/\/opgsmid.hr\/wp-content\/uploads\/2025\/08\/Aronija-rukavica-nova-slika-225x300.jpg 225w, https:\/\/opgsmid.hr\/wp-content\/uploads\/2025\/08\/Aronija-rukavica-nova-slika-768x1024.jpg 768w, https:\/\/opgsmid.hr\/wp-content\/uploads\/2025\/08\/Aronija-rukavica-nova-slika-1152x1536.jpg 1152w, https:\/\/opgsmid.hr\/wp-content\/uploads\/2025\/08\/Aronija-rukavica-nova-slika-1536x2048.jpg 1536w, https:\/\/opgsmid.hr\/wp-content\/uploads\/2025\/08\/Aronija-rukavica-nova-slika-270x360.jpg 270w, https:\/\/opgsmid.hr\/wp-content\/uploads\/2025\/08\/Aronija-rukavica-nova-slika-scaled.jpg 1920w\" sizes=\"(max-width: 225px) 100vw, 225px\" \/><\/p>\n","protected":false},"excerpt":{"rendered":"<p>Mi smo malo obiteljsko poljoprivredno gospodarstvo koje se bavi ekolo\u0161kim uzgojem aronije. Od aronije proizvodimo hladno pre\u0161ani sok, \u010daj, su\u0161enu aroniju, aroniju u prahu, d\u017eem.\u00a0Svoje proizvode prodajemo na ku\u0107nom pragu, te organiziranim manifestacijama diljem Hrvatske. Iznimno nam je drago \u0161to su kupci prepoznali kvalitetu na\u0161ih proizvoda te nam se ponovno vra\u0107aju. Zdravo i prirodno! 100% [&hellip;]<\/p>\n","protected":false},"author":1,"featured_media":279,"parent":0,"menu_order":0,"comment_status":"closed","ping_status":"closed","template":"","meta":[],"_links":{"self":[{"href":"https:\/\/opgsmid.hr\/index.php?rest_route=\/wp\/v2\/pages\/15"}],"collection":[{"href":"https:\/\/opgsmid.hr\/index.php?rest_route=\/wp\/v2\/pages"}],"about":[{"href":"https:\/\/opgsmid.hr\/index.php?rest_route=\/wp\/v2\/types\/page"}],"author":[{"embeddable":true,"href":"https:\/\/opgsmid.hr\/index.php?rest_route=\/wp\/v2\/users\/1"}],"replies":[{"embeddable":true,"href":"https:\/\/opgsmid.hr\/index.php?rest_route=%2Fwp%2Fv2%2Fcomments&post=15"}],"version-history":[{"count":17,"href":"https:\/\/opgsmid.hr\/index.php?rest_route=\/wp\/v2\/pages\/15\/revisions"}],"predecessor-version":[{"id":548,"href":"https:\/\/opgsmid.hr\/index.php?rest_route=\/wp\/v2\/pages\/15\/revisions\/548"}],"wp:featuredmedia":[{"embeddable":true,"href":"https:\/\/opgsmid.hr\/index.php?rest_route=\/wp\/v2\/media\/279"}],"wp:attachment":[{"href":"https:\/\/opgsmid.hr\/index.php?rest_route=%2Fwp%2Fv2%2Fmedia&parent=15"}],"curies":[{"name":"wp","href":"https:\/\/api.w.org\/{rel}","templated":true}]}}